{"id":51,"date":"2023-06-20T22:21:06","date_gmt":"2023-06-20T22:21:06","guid":{"rendered":"https:\/\/lavalleyasociados.com\/?page_id=51"},"modified":"2025-09-24T16:23:06","modified_gmt":"2025-09-24T16:23:06","slug":"bolsa-de-trabajo","status":"publish","type":"page","link":"https:\/\/lavalleyasociados.com\/eng\/bolsa-de-trabajo\/","title":{"rendered":"Job bank"},"content":{"rendered":"<div class=\"wpb-content-wrapper\"><section data-vc-full-width=\"true\" data-vc-full-width-init=\"false\" class=\"vc_section vc_custom_1688510880312\"><div class=\"vc_row wpb_row vc_row-fluid\"><div class=\"wpb_column vc_column_container vc_col-sm-12\"><div class=\"vc_column-inner\"><div class=\"wpb_wrapper\"><div class=\"vc_empty_space\"   style=\"height: 60px\"><span class=\"vc_empty_space_inner\"><\/span><\/div><\/div><\/div><\/div><\/div><div class=\"vc_row wpb_row vc_row-fluid vc_column-gap-30\"><div class=\"wpb_animate_when_almost_visible wpb_fadeInLeft fadeInLeft wpb_column vc_column_container vc_col-sm-5\"><div class=\"vc_column-inner\"><div class=\"wpb_wrapper\"><h1 style=\"text-align: left\" class=\"vc_custom_heading\" >Leaders in the field<\/h1><p style=\"text-align: left\" class=\"vc_custom_heading\" >Estamos en busca de profesionales capacitados en las \u00e1reas contables, de auditor\u00edas, finanzas o af\u00ednes.<br \/>\nForma parte de Lavalle y Asociados, la firma contable de origen yucateco con m\u00e1s de 50 a\u00f1os de experiencia y una amplia cartera de clientes en el Sureste de M\u00e9xico.<br \/>\nSi eres una persona activa y tienes experiencia e inter\u00e9s por cualquiera de estas \u00e1reas, no dudes en escribirnos. \u00a1Queremos conocerte!<\/p>\n<p>Aceptamos estudiantes con su respectiva constancia de comprobaci\u00f3n de estudios.<\/p><div class=\"vc_empty_space\"   style=\"height: 10px\"><span class=\"vc_empty_space_inner\"><\/span><\/div>\n\t<div class=\"wpb_text_column wpb_content_element\" >\n\t\t<div class=\"wpb_wrapper\">\n\t\t\t<ul id=\"\" class=\"cnss-social-icon\" style=\"text-align:left;\"><li class=\"cn-fa-facebook cn-fa-icon\" style=\"display:inline-block;\"><a class=\"\" target=\"_blank\" href=\"https:\/\/www.facebook.com\/lavalleyasociados\" title=\"facebook\" style=\"width:34px;height:34px;padding:6px 0;margin:5px;color: #84213c;border-radius: 0%;\"><i title=\"facebook\" style=\"font-size:22px;\" class=\"fa fa-facebook\"><\/i><\/a><\/li><li class=\"cn-fa-twitter cn-fa-icon\" style=\"display:inline-block;\"><a class=\"\" target=\"_blank\" href=\"https:\/\/twitter.com\/despacholavalle\" title=\"twitter\" style=\"width:34px;height:34px;padding:6px 0;margin:5px;color: #84213c;border-radius: 0%;\"><i title=\"twitter\" style=\"font-size:22px;\" class=\"fa fa-twitter\"><\/i><\/a><\/li><li class=\"cn-fa-linkedin cn-fa-icon\" style=\"display:inline-block;\"><a class=\"\" target=\"_blank\" href=\"https:\/\/www.linkedin.com\/company\/lavalleyasociados\/\" title=\"linkedin\" style=\"width:34px;height:34px;padding:6px 0;margin:5px;color: #84213c;border-radius: 0%;\"><i title=\"linkedin\" style=\"font-size:22px;\" class=\"fa fa-linkedin\"><\/i><\/a><\/li><li class=\"cn-fa-instagram cn-fa-icon\" style=\"display:inline-block;\"><a class=\"\" target=\"_blank\" href=\"https:\/\/www.instagram.com\/lavalleyasociados\/\" title=\"instagram\" style=\"width:34px;height:34px;padding:6px 0;margin:5px;color: #84213c;border-radius: 0%;\"><i title=\"instagram\" style=\"font-size:22px;\" class=\"fab fa-instagram\"><\/i><\/a><\/li><\/ul>\n\n\t\t<\/div>\n\t<\/div>\n<div class=\"vc_empty_space\"   style=\"height: 30px\"><span class=\"vc_empty_space_inner\"><\/span><\/div>\n<div class=\"wpcf7 no-js\" id=\"wpcf7-f539-o1\" lang=\"es-MX\" dir=\"ltr\">\n<div class=\"screen-reader-response\"><p role=\"status\" aria-live=\"polite\" aria-atomic=\"true\"><\/p> <ul><\/ul><\/div>\n<form action=\"\/eng\/wp-json\/wp\/v2\/pages\/51#wpcf7-f539-o1\" method=\"post\" class=\"wpcf7-form init\" aria-label=\"Formulario de contacto\" enctype=\"multipart\/form-data\" novalidate=\"novalidate\" data-status=\"init\" data-trp-original-action=\"\/eng\/wp-json\/wp\/v2\/pages\/51#wpcf7-f539-o1\">\n<div style=\"display: none;\">\n<input type=\"hidden\" name=\"_wpcf7\" value=\"539\" \/>\n<input type=\"hidden\" name=\"_wpcf7_version\" value=\"5.8.5\" \/>\n<input type=\"hidden\" name=\"_wpcf7_locale\" value=\"es_MX\" \/>\n<input type=\"hidden\" name=\"_wpcf7_unit_tag\" value=\"wpcf7-f539-o1\" \/>\n<input type=\"hidden\" name=\"_wpcf7_container_post\" value=\"0\" \/>\n<input type=\"hidden\" name=\"_wpcf7_posted_data_hash\" value=\"\" \/>\n<input type=\"hidden\" name=\"_wpcf7_recaptcha_response\" value=\"\" \/>\n<\/div>\n<p><span class=\"wpcf7-form-control-wrap\" data-name=\"your-name\"><input size=\"40\" class=\"wpcf7-form-control wpcf7-text wpcf7-validates-as-required\" aria-required=\"true\" aria-invalid=\"false\" placeholder=\"Full name\" value=\"\" type=\"text\" name=\"your-name\" \/><\/span>\n<\/p>\n<p><span class=\"wpcf7-form-control-wrap\" data-name=\"your-tel\"><input size=\"40\" class=\"wpcf7-form-control wpcf7-tel wpcf7-validates-as-required wpcf7-text wpcf7-validates-as-tel\" aria-required=\"true\" aria-invalid=\"false\" placeholder=\"Phone\" value=\"\" type=\"tel\" name=\"your-tel\" \/><\/span>\n<\/p>\n<p><span class=\"wpcf7-form-control-wrap\" data-name=\"your-email\"><input size=\"40\" class=\"wpcf7-form-control wpcf7-email wpcf7-validates-as-required wpcf7-text wpcf7-validates-as-email\" aria-required=\"true\" aria-invalid=\"false\" placeholder=\"Email\" value=\"\" type=\"email\" name=\"your-email\" \/><\/span>\n<\/p>\n<p><span class=\"wpcf7-form-control-wrap\" data-name=\"your-message\"><textarea cols=\"40\" rows=\"4\" class=\"wpcf7-form-control wpcf7-textarea\" aria-invalid=\"false\" placeholder=\"Message\" name=\"your-message\"><\/textarea><\/span>\n<\/p>\n<p><b>Upload your CV:<\/b><br \/>\n<span class=\"wpcf7-form-control-wrap\" data-name=\"curriculum\"><input size=\"40\" class=\"wpcf7-form-control wpcf7-file wpcf7-validates-as-required\" accept=\".pdf,.xls,.xlsx,.ppt,.pptx,.doc,.docx\" aria-required=\"true\" aria-invalid=\"false\" type=\"file\" name=\"curriculum\" \/><\/span>\n<\/p>\n<p><input class=\"wpcf7-form-control wpcf7-submit has-spinner\" type=\"submit\" value=\"Send request\" \/>\n<\/p><div class=\"wpcf7-response-output\" aria-hidden=\"true\"><\/div>\n<input type=\"hidden\" name=\"trp-form-language\" value=\"eng\"\/><\/form>\n<\/div>\n<div class=\"vc_empty_space\"   style=\"height: 30px\"><span class=\"vc_empty_space_inner\"><\/span><\/div><\/div><\/div><\/div><div class=\"wpb_column vc_column_container vc_col-sm-2 vc_hidden-xs\"><div class=\"vc_column-inner\"><div class=\"wpb_wrapper\"><\/div><\/div><\/div><div class=\"wpb_animate_when_almost_visible wpb_fadeInRight fadeInRight wpb_column vc_column_container vc_col-sm-5\"><div class=\"vc_column-inner\"><div class=\"wpb_wrapper\">\n\t<div  class=\"wpb_single_image wpb_content_element vc_align_center   deco-circles\">\n\t\t\n\t\t<figure class=\"wpb_wrapper vc_figure\">\n\t\t\t<div class=\"vc_single_image-wrapper vc_box_rounded  vc_box_border_grey\"><img loading=\"lazy\" decoding=\"async\" width=\"967\" height=\"627\" src=\"https:\/\/lavalleyasociados.com\/wp-content\/uploads\/2023\/07\/Unete-al-equipo-e1689636015236.png\" class=\"vc_single_image-img attachment-full\" alt=\"\" title=\"Join the team\" srcset=\"https:\/\/lavalleyasociados.com\/wp-content\/uploads\/2023\/07\/Unete-al-equipo-e1689636015236.png 967w, https:\/\/lavalleyasociados.com\/wp-content\/uploads\/2023\/07\/Unete-al-equipo-e1689636015236-300x195.png 300w, https:\/\/lavalleyasociados.com\/wp-content\/uploads\/2023\/07\/Unete-al-equipo-e1689636015236-768x498.png 768w, https:\/\/lavalleyasociados.com\/wp-content\/uploads\/2023\/07\/Unete-al-equipo-e1689636015236-18x12.png 18w, https:\/\/lavalleyasociados.com\/wp-content\/uploads\/2023\/07\/Unete-al-equipo-e1689636015236-24x16.png 24w, https:\/\/lavalleyasociados.com\/wp-content\/uploads\/2023\/07\/Unete-al-equipo-e1689636015236-36x23.png 36w, https:\/\/lavalleyasociados.com\/wp-content\/uploads\/2023\/07\/Unete-al-equipo-e1689636015236-48x31.png 48w\" sizes=\"(max-width: 967px) 100vw, 967px\" \/><\/div>\n\t\t<\/figure>\n\t<\/div>\n<div class=\"vc_empty_space\"   style=\"height: 30px\"><span class=\"vc_empty_space_inner\"><\/span><\/div>\n\t<div  class=\"wpb_single_image wpb_content_element vc_align_left\">\n\t\t<h2 class=\"wpb_heading wpb_singleimage_heading\">Vacantes:<\/h2>\n\t\t<figure class=\"wpb_wrapper vc_figure\">\n\t\t\t<a href=\"https:\/\/drive.google.com\/file\/d\/1FjzPlWJhGoqO1r7sS-Nd7Q4MlDtqkntC\/view?usp=sharing\" target=\"_self\" class=\"vc_single_image-wrapper   vc_box_border_grey\"><img loading=\"lazy\" decoding=\"async\" width=\"300\" height=\"300\" src=\"https:\/\/lavalleyasociados.com\/wp-content\/uploads\/2025\/07\/Auditor-externo-con-sombras-300x300.png\" class=\"vc_single_image-img attachment-medium\" alt=\"\" title=\"Auditor externo con sombras\" srcset=\"https:\/\/lavalleyasociados.com\/wp-content\/uploads\/2025\/07\/Auditor-externo-con-sombras-300x300.png 300w, https:\/\/lavalleyasociados.com\/wp-content\/uploads\/2025\/07\/Auditor-externo-con-sombras-1024x1024.png 1024w, https:\/\/lavalleyasociados.com\/wp-content\/uploads\/2025\/07\/Auditor-externo-con-sombras-150x150.png 150w, https:\/\/lavalleyasociados.com\/wp-content\/uploads\/2025\/07\/Auditor-externo-con-sombras-768x768.png 768w, https:\/\/lavalleyasociados.com\/wp-content\/uploads\/2025\/07\/Auditor-externo-con-sombras-12x12.png 12w, https:\/\/lavalleyasociados.com\/wp-content\/uploads\/2025\/07\/Auditor-externo-con-sombras-800x800.png 800w, https:\/\/lavalleyasociados.com\/wp-content\/uploads\/2025\/07\/Auditor-externo-con-sombras-24x24.png 24w, https:\/\/lavalleyasociados.com\/wp-content\/uploads\/2025\/07\/Auditor-externo-con-sombras-36x36.png 36w, https:\/\/lavalleyasociados.com\/wp-content\/uploads\/2025\/07\/Auditor-externo-con-sombras-48x48.png 48w, https:\/\/lavalleyasociados.com\/wp-content\/uploads\/2025\/07\/Auditor-externo-con-sombras.png 1080w\" sizes=\"(max-width: 300px) 100vw, 300px\" \/><\/a>\n\t\t<\/figure>\n\t<\/div>\n<\/div><\/div><\/div><\/div><div class=\"vc_row wpb_row vc_row-fluid\"><div class=\"wpb_column vc_column_container vc_col-sm-12\"><div class=\"vc_column-inner\"><div class=\"wpb_wrapper\"><div class=\"vc_empty_space\"   style=\"height: 60px\"><span class=\"vc_empty_space_inner\"><\/span><\/div><\/div><\/div><\/div><\/div><\/section><div class=\"vc_row-full-width vc_clearfix\"><\/div><div class=\"vc_row wpb_row vc_row-fluid\"><div class=\"wpb_animate_when_almost_visible wpb_zoomIn zoomIn wpb_column vc_column_container vc_col-sm-12\"><div class=\"vc_column-inner\"><div class=\"wpb_wrapper\"><div class=\"wpb_gmaps_widget wpb_content_element\"><div class=\"wpb_wrapper\"><div class=\"wpb_map_wraper\"><iframe src=\"https:\/\/www.google.com\/maps\/embed?pb=!1m14!1m8!1m3!1d7450.213030557589!2d-89.619559!3d20.988367!3m2!1i1024!2i768!4f13.1!3m3!1m2!1s0x8f5673cb60add51b%3A0xcae4bd6424419882!2sLavalle%20y%20Asociados-%20Despacho%20contable!5e0!3m2!1sen!2sus!4v1688510836735!5m2!1sen!2sus\" width=\"600\" height=\"450\" style=\"border:0;\" allowfullscreen=\"\" loading=\"lazy\" referrerpolicy=\"no-referrer-when-downgrade\"><\/iframe><\/div><\/div><\/div><\/div><\/div><\/div><\/div><div class=\"vc_row wpb_row vc_row-fluid\"><div class=\"wpb_column vc_column_container vc_col-sm-12\"><div class=\"vc_column-inner\"><div class=\"wpb_wrapper\"><div class=\"vc_empty_space\"   style=\"height: 60px\"><span class=\"vc_empty_space_inner\"><\/span><\/div><\/div><\/div><\/div><\/div>\n<\/div>","protected":false},"excerpt":{"rendered":"L\u00edderes en el ramoEstamos en busca de profesionales capacitados en las \u00e1reas contables, de auditor\u00edas, finanzas o af\u00ednes. Forma parte de Lavalle y Asociados, la firma contable de origen yucateco con m\u00e1s de 50 a\u00f1os de experiencia y una amplia cartera de clientes en el Sureste de M\u00e9xico. Si eres una persona activa y tienes [...]","protected":false},"author":1,"featured_media":0,"parent":0,"menu_order":0,"comment_status":"closed","ping_status":"closed","template":"","meta":{"om_disable_all_campaigns":false,"_monsterinsights_skip_tracking":false,"_monsterinsights_sitenote_active":false,"_monsterinsights_sitenote_note":"","_monsterinsights_sitenote_category":0,"_uf_show_specific_survey":0,"_uf_disable_surveys":false,"footnotes":"","_joinchat":[]},"aioseo_notices":[],"_links":{"self":[{"href":"https:\/\/lavalleyasociados.com\/eng\/wp-json\/wp\/v2\/pages\/51"}],"collection":[{"href":"https:\/\/lavalleyasociados.com\/eng\/wp-json\/wp\/v2\/pages"}],"about":[{"href":"https:\/\/lavalleyasociados.com\/eng\/wp-json\/wp\/v2\/types\/page"}],"author":[{"embeddable":true,"href":"https:\/\/lavalleyasociados.com\/eng\/wp-json\/wp\/v2\/users\/1"}],"replies":[{"embeddable":true,"href":"https:\/\/lavalleyasociados.com\/eng\/wp-json\/wp\/v2\/comments?post=51"}],"version-history":[{"count":5,"href":"https:\/\/lavalleyasociados.com\/eng\/wp-json\/wp\/v2\/pages\/51\/revisions"}],"predecessor-version":[{"id":1048,"href":"https:\/\/lavalleyasociados.com\/eng\/wp-json\/wp\/v2\/pages\/51\/revisions\/1048"}],"wp:attachment":[{"href":"https:\/\/lavalleyasociados.com\/eng\/wp-json\/wp\/v2\/media?parent=51"}],"curies":[{"name":"wp","href":"https:\/\/api.w.org\/{rel}","templated":true}]}}